{"id":121,"date":"2024-08-02T15:15:43","date_gmt":"2024-08-02T15:15:43","guid":{"rendered":"https:\/\/www.creacarlos.com\/?post_type=product&#038;p=121"},"modified":"2026-02-10T04:48:40","modified_gmt":"2026-02-10T04:48:40","slug":"carte-cadeau","status":"publish","type":"product","link":"https:\/\/www.creacarlos.com\/index.php\/produit\/carte-cadeau\/","title":{"rendered":"Carte cadeau"},"content":{"rendered":"<p>Carte cadeau\u00a0 de 15 \u20ac \u00e0 50\u20ac\u00a0 envie de <em><strong>faire un cadeau et \u00eatre s\u00fbr que \u00e7a plaise<\/strong><\/em><\/p>\n<p><strong>valable 365 jours \u00e0 partir de son achat<\/strong><\/p>\n<h4><strong>si vous souhaitez l&rsquo;offrir dans une enveloppe mettez votre mail merci<\/strong><\/h4>\n","protected":false},"excerpt":{"rendered":"<p>Carte cadeau\u00a0 de 15 \u20ac \u00e0 50\u20ac\u00a0 envie de faire un cadeau et \u00eatre s\u00fbr que \u00e7a plaise valable 365 [&hellip;]<\/p>\n","protected":false},"featured_media":127,"comment_status":"open","ping_status":"closed","template":"","meta":{"site-sidebar-layout":"default","site-content-layout":"","ast-site-content-layout":"default","site-content-style":"default","site-sidebar-style":"default","ast-global-header-display":"","ast-banner-title-visibility":"","ast-main-header-display":"","ast-hfb-above-header-display":"","ast-hfb-below-header-display":"","ast-hfb-mobile-header-display":"","site-post-title":"","ast-breadcrumbs-content":"","ast-featured-img":"","footer-sml-layout":"","theme-transparent-header-meta":"default","adv-header-id-meta":"","stick-header-meta":"","header-above-stick-meta":"","header-main-stick-meta":"","header-below-stick-meta":"","astra-migrate-meta-layouts":"set","ast-page-background-enabled":"default","ast-page-background-meta":{"desktop":{"background-color":"var(--ast-global-color-4)","background-image":"","background-repeat":"repeat","background-position":"center center","background-size":"auto","background-attachment":"scroll","background-type":"","background-media":"","overlay-type":"","overlay-color":"","overlay-opacity":"","overlay-gradient":""},"tablet":{"background-color":"","background-image":"","background-repeat":"repeat","background-position":"center center","background-size":"auto","background-attachment":"scroll","background-type":"","background-media":"","overlay-type":"","overlay-color":"","overlay-opacity":"","overlay-gradient":""},"mobile":{"background-color":"","background-image":"","background-repeat":"repeat","background-position":"center center","background-size":"auto","background-attachment":"scroll","background-type":"","background-media":"","overlay-type":"","overlay-color":"","overlay-opacity":"","overlay-gradient":""}},"ast-content-background-meta":{"desktop":{"background-color":"var(--ast-global-color-5)","background-image":"","background-repeat":"repeat","background-position":"center center","background-size":"auto","background-attachment":"scroll","background-type":"","background-media":"","overlay-type":"","overlay-color":"","overlay-opacity":"","overlay-gradient":""},"tablet":{"background-color":"var(--ast-global-color-5)","background-image":"","background-repeat":"repeat","background-position":"center center","background-size":"auto","background-attachment":"scroll","background-type":"","background-media":"","overlay-type":"","overlay-color":"","overlay-opacity":"","overlay-gradient":""},"mobile":{"background-color":"var(--ast-global-color-5)","background-image":"","background-repeat":"repeat","background-position":"center center","background-size":"auto","background-attachment":"scroll","background-type":"","background-media":"","overlay-type":"","overlay-color":"","overlay-opacity":"","overlay-gradient":""}}},"product_brand":[],"product_cat":[17],"product_tag":[],"class_list":{"0":"post-121","1":"product","2":"type-product","3":"status-publish","4":"has-post-thumbnail","6":"product_cat-non-classe","7":"desktop-align-left","8":"tablet-align-left","9":"mobile-align-left","11":"first","12":"instock","13":"shipping-taxable","14":"purchasable","15":"product-type-pw-gift-card"},"jetpack_sharing_enabled":true,"_links":{"self":[{"href":"https:\/\/www.creacarlos.com\/index.php\/wp-json\/wp\/v2\/product\/121","targetHints":{"allow":["GET"]}}],"collection":[{"href":"https:\/\/www.creacarlos.com\/index.php\/wp-json\/wp\/v2\/product"}],"about":[{"href":"https:\/\/www.creacarlos.com\/index.php\/wp-json\/wp\/v2\/types\/product"}],"replies":[{"embeddable":true,"href":"https:\/\/www.creacarlos.com\/index.php\/wp-json\/wp\/v2\/comments?post=121"}],"wp:featuredmedia":[{"embeddable":true,"href":"https:\/\/www.creacarlos.com\/index.php\/wp-json\/wp\/v2\/media\/127"}],"wp:attachment":[{"href":"https:\/\/www.creacarlos.com\/index.php\/wp-json\/wp\/v2\/media?parent=121"}],"wp:term":[{"taxonomy":"product_brand","embeddable":true,"href":"https:\/\/www.creacarlos.com\/index.php\/wp-json\/wp\/v2\/product_brand?post=121"},{"taxonomy":"product_cat","embeddable":true,"href":"https:\/\/www.creacarlos.com\/index.php\/wp-json\/wp\/v2\/product_cat?post=121"},{"taxonomy":"product_tag","embeddable":true,"href":"https:\/\/www.creacarlos.com\/index.php\/wp-json\/wp\/v2\/product_tag?post=121"}],"curies":[{"name":"wp","href":"https:\/\/api.w.org\/{rel}","templated":true}]}}