{"id":304,"date":"2024-08-14T10:58:48","date_gmt":"2024-08-14T10:58:48","guid":{"rendered":"https:\/\/www.creacarlos.com\/?post_type=product&#038;p=304"},"modified":"2024-11-24T19:22:55","modified_gmt":"2024-11-24T19:22:55","slug":"papillon","status":"publish","type":"product","link":"https:\/\/www.creacarlos.com\/index.php\/produit\/papillon\/","title":{"rendered":"Papillon en ch\u00eane"},"content":{"rendered":"<p>D\u00e9couvrez cette magnifique sculpture de papillon r\u00e9alis\u00e9e avec soin dans un bois de ch\u00eane massif. Les d\u00e9tails d\u00e9licats des ailes et du corps ont \u00e9t\u00e9 finement cisel\u00e9s pour cr\u00e9er une pi\u00e8ce unique et authentique. Ce papillon apportera une touche de nature et de po\u00e9sie \u00e0 votre int\u00e9rieur, que ce soit dans votre salon, votre chambre ou votre bureau. Il peut \u00eatre accroch\u00e9 au mur ou pos\u00e9 sur une \u00e9tag\u00e8re, selon vos envies. Un cadeau id\u00e9al pour les amoureux de la nature, de l&rsquo;artisanat et de la d\u00e9coration int\u00e9rieure.Ce papillon en bois est une \u0153uvre d&rsquo;art artisanale qui t\u00e9moigne du savoir-faire de son cr\u00e9ateur. Les veinures naturelles du bois ajoutent du caract\u00e8re \u00e0 cette pi\u00e8ce unique et lui conf\u00e8rent une beaut\u00e9 intemporelle. Ce papillon est un symbole de transformation et de renouveau, et il apportera une \u00e9nergie positive dans votre espace de vie. Offrez-vous ou offrez \u00e0 un proche ce magnifique objet d\u00e9coratif qui fera sensation<\/p>\n<p>Dimension :27cm de haut par 19 cm ( environ)<\/p>\n<p>&nbsp;<\/p>\n<p>&nbsp;<\/p>\n<p>&nbsp;<\/p>\n","protected":false},"excerpt":{"rendered":"<p>D\u00e9couvrez cette magnifique sculpture de papillon r\u00e9alis\u00e9e avec soin dans un bois de ch\u00eane massif. Les d\u00e9tails d\u00e9licats des ailes [&hellip;]<\/p>\n","protected":false},"featured_media":476,"comment_status":"open","ping_status":"closed","template":"","meta":{"site-sidebar-layout":"default","site-content-layout":"","ast-site-content-layout":"default","site-content-style":"default","site-sidebar-style":"default","ast-global-header-display":"","ast-banner-title-visibility":"","ast-main-header-display":"","ast-hfb-above-header-display":"","ast-hfb-below-header-display":"","ast-hfb-mobile-header-display":"","site-post-title":"","ast-breadcrumbs-content":"","ast-featured-img":"","footer-sml-layout":"","theme-transparent-header-meta":"default","adv-header-id-meta":"","stick-header-meta":"","header-above-stick-meta":"","header-main-stick-meta":"","header-below-stick-meta":"","astra-migrate-meta-layouts":"set","ast-page-background-enabled":"default","ast-page-background-meta":{"desktop":{"background-color":"var(--ast-global-color-4)","background-image":"","background-repeat":"repeat","background-position":"center center","background-size":"auto","background-attachment":"scroll","background-type":"","background-media":"","overlay-type":"","overlay-color":"","overlay-opacity":"","overlay-gradient":""},"tablet":{"background-color":"","background-image":"","background-repeat":"repeat","background-position":"center center","background-size":"auto","background-attachment":"scroll","background-type":"","background-media":"","overlay-type":"","overlay-color":"","overlay-opacity":"","overlay-gradient":""},"mobile":{"background-color":"","background-image":"","background-repeat":"repeat","background-position":"center center","background-size":"auto","background-attachment":"scroll","background-type":"","background-media":"","overlay-type":"","overlay-color":"","overlay-opacity":"","overlay-gradient":""}},"ast-content-background-meta":{"desktop":{"background-color":"var(--ast-global-color-5)","background-image":"","background-repeat":"repeat","background-position":"center center","background-size":"auto","background-attachment":"scroll","background-type":"","background-media":"","overlay-type":"","overlay-color":"","overlay-opacity":"","overlay-gradient":""},"tablet":{"background-color":"var(--ast-global-color-5)","background-image":"","background-repeat":"repeat","background-position":"center center","background-size":"auto","background-attachment":"scroll","background-type":"","background-media":"","overlay-type":"","overlay-color":"","overlay-opacity":"","overlay-gradient":""},"mobile":{"background-color":"var(--ast-global-color-5)","background-image":"","background-repeat":"repeat","background-position":"center center","background-size":"auto","background-attachment":"scroll","background-type":"","background-media":"","overlay-type":"","overlay-color":"","overlay-opacity":"","overlay-gradient":""}}},"product_brand":[],"product_cat":[31],"product_tag":[],"class_list":{"0":"post-304","1":"product","2":"type-product","3":"status-publish","4":"has-post-thumbnail","6":"product_cat-decoration","7":"desktop-align-left","8":"tablet-align-left","9":"mobile-align-left","11":"first","12":"instock","13":"shipping-taxable","14":"purchasable","15":"product-type-simple"},"jetpack_sharing_enabled":true,"_links":{"self":[{"href":"https:\/\/www.creacarlos.com\/index.php\/wp-json\/wp\/v2\/product\/304","targetHints":{"allow":["GET"]}}],"collection":[{"href":"https:\/\/www.creacarlos.com\/index.php\/wp-json\/wp\/v2\/product"}],"about":[{"href":"https:\/\/www.creacarlos.com\/index.php\/wp-json\/wp\/v2\/types\/product"}],"replies":[{"embeddable":true,"href":"https:\/\/www.creacarlos.com\/index.php\/wp-json\/wp\/v2\/comments?post=304"}],"wp:featuredmedia":[{"embeddable":true,"href":"https:\/\/www.creacarlos.com\/index.php\/wp-json\/wp\/v2\/media\/476"}],"wp:attachment":[{"href":"https:\/\/www.creacarlos.com\/index.php\/wp-json\/wp\/v2\/media?parent=304"}],"wp:term":[{"taxonomy":"product_brand","embeddable":true,"href":"https:\/\/www.creacarlos.com\/index.php\/wp-json\/wp\/v2\/product_brand?post=304"},{"taxonomy":"product_cat","embeddable":true,"href":"https:\/\/www.creacarlos.com\/index.php\/wp-json\/wp\/v2\/product_cat?post=304"},{"taxonomy":"product_tag","embeddable":true,"href":"https:\/\/www.creacarlos.com\/index.php\/wp-json\/wp\/v2\/product_tag?post=304"}],"curies":[{"name":"wp","href":"https:\/\/api.w.org\/{rel}","templated":true}]}}