{"id":441,"date":"2024-09-19T15:28:31","date_gmt":"2024-09-19T15:28:31","guid":{"rendered":"https:\/\/www.creacarlos.com\/?post_type=product&#038;p=441"},"modified":"2024-09-19T15:43:51","modified_gmt":"2024-09-19T15:43:51","slug":"chalet-pour-decoration-de-sapin-1","status":"publish","type":"product","link":"https:\/\/www.creacarlos.com\/index.php\/produit\/chalet-pour-decoration-de-sapin-1\/","title":{"rendered":"chalet pour decoration de sapin (1)"},"content":{"rendered":"<p>Cette charmante d\u00e9coration est une petite maison en bois d\u00e9coup\u00e9e,\u00a0rappelant l&rsquo;architecture d&rsquo;un chalet ou d&rsquo;une maison de pain d&rsquo;\u00e9pices.\u00a0Elle est suspendue par une cordelette<\/p>\n<p>Dimension : Largeur\u00a0 7 cm Profondeur 6 cm Hauteur 8,5 cm<\/p>\n","protected":false},"excerpt":{"rendered":"<p>Cette charmante d\u00e9coration est une petite maison en bois d\u00e9coup\u00e9e,\u00a0rappelant l&rsquo;architecture d&rsquo;un chalet ou d&rsquo;une maison de pain d&rsquo;\u00e9pices.\u00a0Elle est [&hellip;]<\/p>\n","protected":false},"featured_media":443,"comment_status":"open","ping_status":"closed","template":"","meta":{"site-sidebar-layout":"default","site-content-layout":"","ast-site-content-layout":"default","site-content-style":"default","site-sidebar-style":"default","ast-global-header-display":"","ast-banner-title-visibility":"","ast-main-header-display":"","ast-hfb-above-header-display":"","ast-hfb-below-header-display":"","ast-hfb-mobile-header-display":"","site-post-title":"","ast-breadcrumbs-content":"","ast-featured-img":"","footer-sml-layout":"","theme-transparent-header-meta":"default","adv-header-id-meta":"","stick-header-meta":"","header-above-stick-meta":"","header-main-stick-meta":"","header-below-stick-meta":"","astra-migrate-meta-layouts":"set","ast-page-background-enabled":"default","ast-page-background-meta":{"desktop":{"background-color":"var(--ast-global-color-4)","background-image":"","background-repeat":"repeat","background-position":"center center","background-size":"auto","background-attachment":"scroll","background-type":"","background-media":"","overlay-type":"","overlay-color":"","overlay-opacity":"","overlay-gradient":""},"tablet":{"background-color":"","background-image":"","background-repeat":"repeat","background-position":"center center","background-size":"auto","background-attachment":"scroll","background-type":"","background-media":"","overlay-type":"","overlay-color":"","overlay-opacity":"","overlay-gradient":""},"mobile":{"background-color":"","background-image":"","background-repeat":"repeat","background-position":"center center","background-size":"auto","background-attachment":"scroll","background-type":"","background-media":"","overlay-type":"","overlay-color":"","overlay-opacity":"","overlay-gradient":""}},"ast-content-background-meta":{"desktop":{"background-color":"var(--ast-global-color-5)","background-image":"","background-repeat":"repeat","background-position":"center center","background-size":"auto","background-attachment":"scroll","background-type":"","background-media":"","overlay-type":"","overlay-color":"","overlay-opacity":"","overlay-gradient":""},"tablet":{"background-color":"var(--ast-global-color-5)","background-image":"","background-repeat":"repeat","background-position":"center center","background-size":"auto","background-attachment":"scroll","background-type":"","background-media":"","overlay-type":"","overlay-color":"","overlay-opacity":"","overlay-gradient":""},"mobile":{"background-color":"var(--ast-global-color-5)","background-image":"","background-repeat":"repeat","background-position":"center center","background-size":"auto","background-attachment":"scroll","background-type":"","background-media":"","overlay-type":"","overlay-color":"","overlay-opacity":"","overlay-gradient":""}}},"product_brand":[],"product_cat":[31,32],"product_tag":[],"class_list":{"0":"post-441","1":"product","2":"type-product","3":"status-publish","4":"has-post-thumbnail","6":"product_cat-decoration","7":"product_cat-noel","8":"desktop-align-left","9":"tablet-align-left","10":"mobile-align-left","12":"first","13":"instock","14":"shipping-taxable","15":"purchasable","16":"product-type-simple"},"jetpack_sharing_enabled":true,"_links":{"self":[{"href":"https:\/\/www.creacarlos.com\/index.php\/wp-json\/wp\/v2\/product\/441","targetHints":{"allow":["GET"]}}],"collection":[{"href":"https:\/\/www.creacarlos.com\/index.php\/wp-json\/wp\/v2\/product"}],"about":[{"href":"https:\/\/www.creacarlos.com\/index.php\/wp-json\/wp\/v2\/types\/product"}],"replies":[{"embeddable":true,"href":"https:\/\/www.creacarlos.com\/index.php\/wp-json\/wp\/v2\/comments?post=441"}],"wp:featuredmedia":[{"embeddable":true,"href":"https:\/\/www.creacarlos.com\/index.php\/wp-json\/wp\/v2\/media\/443"}],"wp:attachment":[{"href":"https:\/\/www.creacarlos.com\/index.php\/wp-json\/wp\/v2\/media?parent=441"}],"wp:term":[{"taxonomy":"product_brand","embeddable":true,"href":"https:\/\/www.creacarlos.com\/index.php\/wp-json\/wp\/v2\/product_brand?post=441"},{"taxonomy":"product_cat","embeddable":true,"href":"https:\/\/www.creacarlos.com\/index.php\/wp-json\/wp\/v2\/product_cat?post=441"},{"taxonomy":"product_tag","embeddable":true,"href":"https:\/\/www.creacarlos.com\/index.php\/wp-json\/wp\/v2\/product_tag?post=441"}],"curies":[{"name":"wp","href":"https:\/\/api.w.org\/{rel}","templated":true}]}}